{"id":2019,"date":"2016-02-23T14:22:50","date_gmt":"2016-02-23T14:22:50","guid":{"rendered":"http:\/\/demo.themelogi.com\/roneous\/?page_id=2019"},"modified":"2022-11-28T11:14:02","modified_gmt":"2022-11-28T10:14:02","slug":"business-advisors","status":"publish","type":"page","link":"http:\/\/kmkominki.pl\/web\/","title":{"rendered":"Strona G\u0142\u00f3wna"},"content":{"rendered":"<div class=\"wpb-content-wrapper\"><p>[vc_row full_width=&#8221;stretch_row&#8221;][vc_column]<section  id=\"single-6a06eb4b3d602\" class=\"header-single vertical-flex m0 image-bg   parallax  p0 fullscreen \" style=\"\"><div class=\"background-content\"><img loading=\"lazy\" decoding=\"async\" width=\"1024\" height=\"768\" src=\"http:\/\/kmkominki.pl\/web\/wp-content\/uploads\/2022\/11\/kominki-kuchnie-piece-wedzarnie-grille-montaz-budowa-zdun.jpg\" class=\"background-image\" alt=\"\" srcset=\"http:\/\/kmkominki.pl\/web\/wp-content\/uploads\/2022\/11\/kominki-kuchnie-piece-wedzarnie-grille-montaz-budowa-zdun.jpg 1024w, http:\/\/kmkominki.pl\/web\/wp-content\/uploads\/2022\/11\/kominki-kuchnie-piece-wedzarnie-grille-montaz-budowa-zdun-300x225.jpg 300w, http:\/\/kmkominki.pl\/web\/wp-content\/uploads\/2022\/11\/kominki-kuchnie-piece-wedzarnie-grille-montaz-budowa-zdun-768x576.jpg 768w, http:\/\/kmkominki.pl\/web\/wp-content\/uploads\/2022\/11\/kominki-kuchnie-piece-wedzarnie-grille-montaz-budowa-zdun-600x450.jpg 600w\" sizes=\"(max-width: 1024px) 100vw, 1024px\" \/><div  class=\"background-overlay\"><\/div><\/div><div  class=\"container vertical-flex-column item-content \"><div class=\"row\"><div class=\"col-sm-6 p0-xs\"><\/div><div class=\"col-sm-6 p0-xs\"><h1 class=\"heading-title-exbold\">Zapraszamy<\/h1><div class=\"lead\" >Do \u015bwiata ognia w Twoim domu!<\/div><div class=\"heading-content\"><\/div><div class=\"mt24 mt-xs-0\"><a  id=\"btn-6a06eb4b3d603\"  class=\"btn-sm-sm btn-lg m0 btn btn-filled btn-rounded ti-angle-double-down \" href= \"#main\"  >Sprawd\u017a nasz\u0105 ofert\u0119<\/a><\/div><\/div><\/div><\/div><script type=\"text\/javascript\">jQuery(document).ready(function(){jQuery('head').append('<style type=\"text\/css\" id=\"tlg-custom-css-single-6a06eb4b3d602\">@font-face {font-family:\"Martel Sans\"; src:url(\"\/\/fonts.gstatic.com\/s\/martelsans\/v2\/7ajme85aKKx_SCWF59ImQJZ7xm-Bj30Bj2KNdXDzSZg.ttf\");}#single-6a06eb4b3d602 h1{text-shadow:none;font-size:75px;line-height:85px;text-transform: none!important;font-family:Martel Sans;font-weight:600;font-style:normal;}#single-6a06eb4b3d602 .lead{text-shadow:none;font-size:24px;line-height:29px;text-transform: none!important;}#single-6a06eb4b3d602 .heading-content p{text-shadow:none;text-transform: none!important;}<\/style>');});<\/script><\/section>[\/vc_column][\/vc_row][vc_row tlg_padding=&#8221;pb0&#8243; el_id=&#8221;main&#8221;][vc_column]<div class=\"headings-title\"><div class=\"mb72 mb-xs-40 text-center\"><h5 style=\"text-transform: uppercase!important;\" class=\"widgettitle mb0\">Sprawd\u017a nasz\u0105 ofert\u0119<\/h5><\/div><\/div>[\/vc_column][\/vc_row][vc_row tlg_padding=&#8221;pt0&#8243;][vc_column width=&#8221;1\/2&#8243;]<div id=\"iconbox-6a06eb4b3d883\" class=\"\"><div class=\"icon-link\"><div class=\"display-table mb16 mb-xs-24 text-left\">\n\t\t\t\t    \t\t<div class=\"display-cell vertical-top\">\n\t\t\t\t    \t\t\t<i style=\"font-size:32px!important;color:#bcbcbc;\" class=\"ti-hummer  inline-block mb16 mr-25 ms-text icon-lg\"><\/i>\n\t\t\t\t    \t\t<\/div>\n\t\t\t\t    \t\t<div class=\"display-cell\">\n\t\t\t\t    \t\t\t<h5  class=\"widgettitle mb8\">Budowa komink\u00f3w<\/h5>\n\t\t\t\t    \t\t\t<div  class=\"widgetsubtitle\"><\/div>\n\t\t\t\t    \t\t\t<div  class=\"icon-content\"><\/div>\n\t\t\t\t    \t\t<\/div>\n\t\t\t\t    \t<\/div><\/div><\/div><div id=\"iconbox-6a06eb4b3d891\" class=\"\"><div class=\"icon-link\"><div class=\"display-table mb16 mb-xs-24 text-left\">\n\t\t\t\t    \t\t<div class=\"display-cell vertical-top\">\n\t\t\t\t    \t\t\t<i style=\"font-size:32px!important;color:#bcbcbc;\" class=\"ti-hummer  inline-block mb16 mr-25 ms-text icon-lg\"><\/i>\n\t\t\t\t    \t\t<\/div>\n\t\t\t\t    \t\t<div class=\"display-cell\">\n\t\t\t\t    \t\t\t<h5  class=\"widgettitle mb8\">Budowa kuchni i piec\u00f3w kaflowych<\/h5>\n\t\t\t\t    \t\t\t<div  class=\"widgetsubtitle\"><\/div>\n\t\t\t\t    \t\t\t<div  class=\"icon-content\"><\/div>\n\t\t\t\t    \t\t<\/div>\n\t\t\t\t    \t<\/div><\/div><\/div><div id=\"iconbox-6a06eb4b3d899\" class=\"\"><div class=\"icon-link\"><div class=\"display-table mb16 mb-xs-24 text-left\">\n\t\t\t\t    \t\t<div class=\"display-cell vertical-top\">\n\t\t\t\t    \t\t\t<i style=\"font-size:32px!important;color:#bcbcbc;\" class=\"ti-hummer  inline-block mb16 mr-25 ms-text icon-lg\"><\/i>\n\t\t\t\t    \t\t<\/div>\n\t\t\t\t    \t\t<div class=\"display-cell\">\n\t\t\t\t    \t\t\t<h5  class=\"widgettitle mb8\">Budowa w\u0119dzarni<\/h5>\n\t\t\t\t    \t\t\t<div  class=\"widgetsubtitle\"><\/div>\n\t\t\t\t    \t\t\t<div  class=\"icon-content\"><\/div>\n\t\t\t\t    \t\t<\/div>\n\t\t\t\t    \t<\/div><\/div><\/div><div id=\"iconbox-6a06eb4b3d8b1\" class=\"\"><div class=\"icon-link\"><div class=\"display-table mb16 mb-xs-24 text-left\">\n\t\t\t\t    \t\t<div class=\"display-cell vertical-top\">\n\t\t\t\t    \t\t\t<i style=\"font-size:32px!important;color:#bcbcbc;\" class=\"ti-hummer  inline-block mb16 mr-25 ms-text icon-lg\"><\/i>\n\t\t\t\t    \t\t<\/div>\n\t\t\t\t    \t\t<div class=\"display-cell\">\n\t\t\t\t    \t\t\t<h5  class=\"widgettitle mb8\">Budowa komink\u00f3w otwartych<\/h5>\n\t\t\t\t    \t\t\t<div  class=\"widgetsubtitle\"><\/div>\n\t\t\t\t    \t\t\t<div  class=\"icon-content\"><\/div>\n\t\t\t\t    \t\t<\/div>\n\t\t\t\t    \t<\/div><\/div><\/div>[\/vc_column][vc_column width=&#8221;1\/2&#8243;]<div id=\"iconbox-6a06eb4b3d8bb\" class=\"\"><div class=\"icon-link\"><div class=\"display-table mb16 mb-xs-24 text-left\">\n\t\t\t\t    \t\t<div class=\"display-cell vertical-top\">\n\t\t\t\t    \t\t\t<i style=\"font-size:32px!important;color:#bcbcbc;\" class=\"ti-hummer  inline-block mb16 mr-25 ms-text icon-lg\"><\/i>\n\t\t\t\t    \t\t<\/div>\n\t\t\t\t    \t\t<div class=\"display-cell\">\n\t\t\t\t    \t\t\t<h5  class=\"widgettitle mb8\">Budowa grilli zewn\u0119trznych<\/h5>\n\t\t\t\t    \t\t\t<div  class=\"widgetsubtitle\"><\/div>\n\t\t\t\t    \t\t\t<div  class=\"icon-content\"><\/div>\n\t\t\t\t    \t\t<\/div>\n\t\t\t\t    \t<\/div><\/div><\/div><div id=\"iconbox-6a06eb4b3d8c1\" class=\"\"><div class=\"icon-link\"><div class=\"display-table mb16 mb-xs-24 text-left\">\n\t\t\t\t    \t\t<div class=\"display-cell vertical-top\">\n\t\t\t\t    \t\t\t<i style=\"font-size:32px!important;color:#bcbcbc;\" class=\"ti-hummer  inline-block mb16 mr-25 ms-text icon-lg\"><\/i>\n\t\t\t\t    \t\t<\/div>\n\t\t\t\t    \t\t<div class=\"display-cell\">\n\t\t\t\t    \t\t\t<h5  class=\"widgettitle mb8\">Budowa piec\u00f3w do pizzy<\/h5>\n\t\t\t\t    \t\t\t<div  class=\"widgetsubtitle\"><\/div>\n\t\t\t\t    \t\t\t<div  class=\"icon-content\"><\/div>\n\t\t\t\t    \t\t<\/div>\n\t\t\t\t    \t<\/div><\/div><\/div><div id=\"iconbox-6a06eb4b3d8c8\" class=\"\"><div class=\"icon-link\"><div class=\"display-table mb16 mb-xs-24 text-left\">\n\t\t\t\t    \t\t<div class=\"display-cell vertical-top\">\n\t\t\t\t    \t\t\t<i style=\"font-size:32px!important;color:#bcbcbc;\" class=\"ti-hummer  inline-block mb16 mr-25 ms-text icon-lg\"><\/i>\n\t\t\t\t    \t\t<\/div>\n\t\t\t\t    \t\t<div class=\"display-cell\">\n\t\t\t\t    \t\t\t<h5  class=\"widgettitle mb8\">Monta\u017c piecyk\u00f3w wolnostoj\u0105cych<\/h5>\n\t\t\t\t    \t\t\t<div  class=\"widgetsubtitle\"><\/div>\n\t\t\t\t    \t\t\t<div  class=\"icon-content\"><\/div>\n\t\t\t\t    \t\t<\/div>\n\t\t\t\t    \t<\/div><\/div><\/div><div id=\"iconbox-6a06eb4b3d8ce\" class=\"\"><div class=\"icon-link\"><div class=\"display-table mb16 mb-xs-24 text-left\">\n\t\t\t\t    \t\t<div class=\"display-cell vertical-top\">\n\t\t\t\t    \t\t\t<i style=\"font-size:32px!important;color:#bcbcbc;\" class=\"ti-hummer  inline-block mb16 mr-25 ms-text icon-lg\"><\/i>\n\t\t\t\t    \t\t<\/div>\n\t\t\t\t    \t\t<div class=\"display-cell\">\n\t\t\t\t    \t\t\t<h5  class=\"widgettitle mb8\">Monta\u017c komink\u00f3w gazowych<\/h5>\n\t\t\t\t    \t\t\t<div  class=\"widgetsubtitle\"><\/div>\n\t\t\t\t    \t\t\t<div  class=\"icon-content\"><\/div>\n\t\t\t\t    \t\t<\/div>\n\t\t\t\t    \t<\/div><\/div><\/div><div id=\"iconbox-6a06eb4b3d8d5\" class=\"\"><div class=\"icon-link\"><div class=\"display-table mb16 mb-xs-24 text-left\">\n\t\t\t\t    \t\t<div class=\"display-cell vertical-top\">\n\t\t\t\t    \t\t\t<i style=\"font-size:32px!important;color:#bcbcbc;\" class=\"ti-hummer  inline-block mb16 mr-25 ms-text icon-lg\"><\/i>\n\t\t\t\t    \t\t<\/div>\n\t\t\t\t    \t\t<div class=\"display-cell\">\n\t\t\t\t    \t\t\t<h5  class=\"widgettitle mb8\">Serwis powy\u017cszych<\/h5>\n\t\t\t\t    \t\t\t<div  class=\"widgetsubtitle\"><\/div>\n\t\t\t\t    \t\t\t<div  class=\"icon-content\"><\/div>\n\t\t\t\t    \t\t<\/div>\n\t\t\t\t    \t<\/div><\/div><\/div>[\/vc_column][\/vc_row][vc_row tlg_text_align=&#8221;text-center&#8221; el_id=&#8221;project&#8221;][vc_column]<div class=\"headings-title\"><div class=\"mb72 mb-xs-40 text-center\"><div style=\"font-size:13px;line-height:18px;text-transform: none!important;\" class=\"widgetsubtitle mb8\">Kilka zdj\u0119\u0107 z wykonanych us\u0142ug<\/div><h5 style=\"text-transform: uppercase!important;\" class=\"widgettitle mb0\">Nasze zlecenia<\/h5><\/div><\/div><section class=\"projects\"><div class=\"container\"><div class=\"row masonry-loader\">\n    <div class=\"col-sm-12 text-center\">\n        <div class=\"spinner\"><\/div>\n    <\/div>\n<\/div><div id=\"project-6a06eb4b3e005\" data-id=\"project-6a06eb4b3e005\" class=\"row project-content\"><div class=\"col-md-3 col-sm-6 project box-zoom\" data-groups='[\"\"]'>\r\n    <div class=\"box-inner\">\r\n        <div class=\"box-inner__i\">\r\n            <div class=\"box-pic\">\r\n                <img loading=\"lazy\" decoding=\"async\" width=\"650\" height=\"600\" src=\"http:\/\/kmkominki.pl\/web\/wp-content\/uploads\/2022\/11\/grille-wedzarnie-kominki-zewnetrzne-1-650x600.jpg\" class=\"background-image wp-post-image\" alt=\"\" \/>                <div class=\"box-mask\">\r\n                    <a class=\"\" href=\"http:\/\/kmkominki.pl\/web\/portfolio\/project-content-builder\/\">                    <div class=\"mask-content text-center\">\r\n                        <h2 class=\"mask-content__title title-small\">Grille, w\u0119dzarnie, kominki zewn\u0119trzne<\/h2>\r\n                        <div class=\"mask-content__meta\"><\/div>\r\n                    <\/div>\r\n                    <\/a>                <\/div>\r\n            <\/div>\r\n        <\/div>\r\n    <\/div>\r\n<\/div><div class=\"col-md-3 col-sm-6 project box-zoom\" data-groups='[\"\"]'>\r\n    <div class=\"box-inner\">\r\n        <div class=\"box-inner__i\">\r\n            <div class=\"box-pic\">\r\n                <img loading=\"lazy\" decoding=\"async\" width=\"650\" height=\"600\" src=\"http:\/\/kmkominki.pl\/web\/wp-content\/uploads\/2016\/03\/DSC_0557-650x600.jpg\" class=\"background-image wp-post-image\" alt=\"\" \/>                <div class=\"box-mask\">\r\n                    <a class=\"\" href=\"http:\/\/kmkominki.pl\/web\/portfolio\/project-masonry-image\/\">                    <div class=\"mask-content text-center\">\r\n                        <h2 class=\"mask-content__title title-small\">KOMINKI CEG\u0141A PIASKOWIEC<\/h2>\r\n                        <div class=\"mask-content__meta\"><\/div>\r\n                    <\/div>\r\n                    <\/a>                <\/div>\r\n            <\/div>\r\n        <\/div>\r\n    <\/div>\r\n<\/div><div class=\"col-md-3 col-sm-6 project box-zoom\" data-groups='[\"\"]'>\r\n    <div class=\"box-inner\">\r\n        <div class=\"box-inner__i\">\r\n            <div class=\"box-pic\">\r\n                <img loading=\"lazy\" decoding=\"async\" width=\"650\" height=\"600\" src=\"http:\/\/kmkominki.pl\/web\/wp-content\/uploads\/2016\/03\/kominki-marmur-granit-650x600.jpg\" class=\"background-image wp-post-image\" alt=\"\" \/>                <div class=\"box-mask\">\r\n                    <a class=\"\" href=\"http:\/\/kmkominki.pl\/web\/portfolio\/content-project-standard\/\">                    <div class=\"mask-content text-center\">\r\n                        <h2 class=\"mask-content__title title-small\">KOMINKI MARMUR GRANIT<\/h2>\r\n                        <div class=\"mask-content__meta\"><\/div>\r\n                    <\/div>\r\n                    <\/a>                <\/div>\r\n            <\/div>\r\n        <\/div>\r\n    <\/div>\r\n<\/div><div class=\"col-md-3 col-sm-6 project box-zoom\" data-groups='[\"\"]'>\r\n    <div class=\"box-inner\">\r\n        <div class=\"box-inner__i\">\r\n            <div class=\"box-pic\">\r\n                <img loading=\"lazy\" decoding=\"async\" width=\"650\" height=\"600\" src=\"http:\/\/kmkominki.pl\/web\/wp-content\/uploads\/2016\/02\/kominki-wolnostojace-montaz-650x600.jpg\" class=\"background-image wp-post-image\" alt=\"\" \/>                <div class=\"box-mask\">\r\n                    <a class=\"\" href=\"http:\/\/kmkominki.pl\/web\/portfolio\/padding-slider\/\">                    <div class=\"mask-content text-center\">\r\n                        <h2 class=\"mask-content__title title-small\">Monta\u017ce Piecyk\u00f3w Wolnostoj\u0105cych<\/h2>\r\n                        <div class=\"mask-content__meta\"><\/div>\r\n                    <\/div>\r\n                    <\/a>                <\/div>\r\n            <\/div>\r\n        <\/div>\r\n    <\/div>\r\n<\/div><div class=\"col-md-3 col-sm-6 project box-zoom\" data-groups='[\"\"]'>\r\n    <div class=\"box-inner\">\r\n        <div class=\"box-inner__i\">\r\n            <div class=\"box-pic\">\r\n                <img loading=\"lazy\" decoding=\"async\" width=\"650\" height=\"600\" src=\"http:\/\/kmkominki.pl\/web\/wp-content\/uploads\/2016\/02\/piwniczki-budowa-650x600.jpg\" class=\"background-image wp-post-image\" alt=\"\" \/>                <div class=\"box-mask\">\r\n                    <a class=\"\" href=\"http:\/\/kmkominki.pl\/web\/portfolio\/halfscreen-builder\/\">                    <div class=\"mask-content text-center\">\r\n                        <h2 class=\"mask-content__title title-small\">OFF TOP Budowa Piwniczki<\/h2>\r\n                        <div class=\"mask-content__meta\"><\/div>\r\n                    <\/div>\r\n                    <\/a>                <\/div>\r\n            <\/div>\r\n        <\/div>\r\n    <\/div>\r\n<\/div><div class=\"col-md-3 col-sm-6 project box-zoom\" data-groups='[\"\"]'>\r\n    <div class=\"box-inner\">\r\n        <div class=\"box-inner__i\">\r\n            <div class=\"box-pic\">\r\n                <img loading=\"lazy\" decoding=\"async\" width=\"650\" height=\"600\" src=\"http:\/\/kmkominki.pl\/web\/wp-content\/uploads\/2016\/02\/piece-kuchnie-kominki-kaflowe-650x600.jpg\" class=\"background-image wp-post-image\" alt=\"\" \/>                <div class=\"box-mask\">\r\n                    <a class=\"\" href=\"http:\/\/kmkominki.pl\/web\/portfolio\/lightbox-popup\/\">                    <div class=\"mask-content text-center\">\r\n                        <h2 class=\"mask-content__title title-small\">Piece, Kuchnie i Kominki Kaflowe<\/h2>\r\n                        <div class=\"mask-content__meta\"><\/div>\r\n                    <\/div>\r\n                    <\/a>                <\/div>\r\n            <\/div>\r\n        <\/div>\r\n    <\/div>\r\n<\/div><div class=\"col-md-3 col-sm-6 project box-zoom\" data-groups='[\"\"]'>\r\n    <div class=\"box-inner\">\r\n        <div class=\"box-inner__i\">\r\n            <div class=\"box-pic\">\r\n                <img loading=\"lazy\" decoding=\"async\" width=\"650\" height=\"600\" src=\"http:\/\/kmkominki.pl\/web\/wp-content\/uploads\/2016\/02\/kominek-kaflowy-etapy-budowy-650x600.jpg\" class=\"background-image wp-post-image\" alt=\"\" \/>                <div class=\"box-mask\">\r\n                    <a class=\"\" href=\"http:\/\/kmkominki.pl\/web\/portfolio\/default-project\/\">                    <div class=\"mask-content text-center\">\r\n                        <h2 class=\"mask-content__title title-small\">Przyk\u0142adowe Etapy Budowy Kominka Kaflowego<\/h2>\r\n                        <div class=\"mask-content__meta\"><\/div>\r\n                    <\/div>\r\n                    <\/a>                <\/div>\r\n            <\/div>\r\n        <\/div>\r\n    <\/div>\r\n<\/div><\/div><\/div><\/section>[\/vc_column][\/vc_row][vc_row tlg_padding=&#8221;pt0&#8243;][vc_column]<div class=\"logo-carousel\"><ul class=\"slides\"><li>\r\n    <a href=\"https:\/\/darco.pl\/\" target=\"_blank\"><img loading=\"lazy\" decoding=\"async\" width=\"160\" height=\"30\" src=\"http:\/\/kmkominki.pl\/web\/wp-content\/uploads\/2021\/03\/darco-logo-1.png\" class=\"attachment-full size-full wp-post-image\" alt=\"\" \/><\/a><\/li><li>\r\n    <a href=\"https:\/\/skamoenclosure.pl\/\" target=\"_blank\"><img loading=\"lazy\" decoding=\"async\" width=\"120\" height=\"85\" src=\"http:\/\/kmkominki.pl\/web\/wp-content\/uploads\/2021\/03\/logo_top.png\" class=\"attachment-full size-full wp-post-image\" alt=\"\" \/><\/a><\/li><li>\r\n    <a href=\"https:\/\/hajduk.eu\" target=\"_blank\"><img loading=\"lazy\" decoding=\"async\" width=\"200\" height=\"57\" src=\"http:\/\/kmkominki.pl\/web\/wp-content\/uploads\/2015\/12\/logo_firma2.png\" class=\"attachment-full size-full wp-post-image\" alt=\"\" \/><\/a><\/li><li>\r\n    <a href=\"https:\/\/www.defrohome.pl\/\" target=\"_blank\"><img loading=\"lazy\" decoding=\"async\" width=\"550\" height=\"110\" src=\"http:\/\/kmkominki.pl\/web\/wp-content\/uploads\/2015\/12\/logo_firma4.png\" class=\"attachment-full size-full wp-post-image\" alt=\"\" srcset=\"http:\/\/kmkominki.pl\/web\/wp-content\/uploads\/2015\/12\/logo_firma4.png 550w, http:\/\/kmkominki.pl\/web\/wp-content\/uploads\/2015\/12\/logo_firma4-300x60.png 300w\" sizes=\"(max-width: 550px) 100vw, 550px\" \/><\/a><\/li><li>\r\n    <a href=\"https:\/\/kafel-kar.pl\/\" target=\"_blank\"><img loading=\"lazy\" decoding=\"async\" width=\"282\" height=\"56\" src=\"http:\/\/kmkominki.pl\/web\/wp-content\/uploads\/2015\/12\/logo_firma5-1.png\" class=\"attachment-full size-full wp-post-image\" alt=\"\" \/><\/a><\/li><li>\r\n    <a href=\"http:\/\/www.spartherm.pl\/\" target=\"_blank\"><img loading=\"lazy\" decoding=\"async\" width=\"170\" height=\"80\" src=\"http:\/\/kmkominki.pl\/web\/wp-content\/uploads\/2015\/12\/logo_firma3-1.png\" class=\"attachment-full size-full wp-post-image\" alt=\"\" \/><\/a><\/li><\/ul><\/div>[\/vc_column][\/vc_row]<\/p>\n<\/div>","protected":false},"excerpt":{"rendered":"<p>[vc_row full_width=&#8221;stretch_row&#8221;][vc_column][\/vc_column][\/vc_row][vc_row tlg_padding=&#8221;pb0&#8243; el_id=&#8221;main&#8221;][vc_column][\/vc_column][\/vc_row][vc_row tlg_padding=&#8221;pt0&#8243;][vc_column width=&#8221;1\/2&#8243;][\/vc_column][vc_column width=&#8221;1\/2&#8243;][\/vc_column][\/vc_row][vc_row tlg_text_align=&#8221;text-center&#8221; el_id=&#8221;project&#8221;][vc_column][\/vc_column][\/vc_row][vc_row tlg_padding=&#8221;pt0&#8243;][vc_column][\/vc_column][\/vc_row]<\/p>\n","protected":false},"author":1,"featured_media":0,"parent":0,"menu_order":0,"comment_status":"closed","ping_status":"closed","template":"","meta":{"_acf_changed":false,"footnotes":""},"class_list":["post-2019","page","type-page","status-publish","hentry"],"acf":[],"_links":{"self":[{"href":"http:\/\/kmkominki.pl\/web\/wp-json\/wp\/v2\/pages\/2019"}],"collection":[{"href":"http:\/\/kmkominki.pl\/web\/wp-json\/wp\/v2\/pages"}],"about":[{"href":"http:\/\/kmkominki.pl\/web\/wp-json\/wp\/v2\/types\/page"}],"author":[{"embeddable":true,"href":"http:\/\/kmkominki.pl\/web\/wp-json\/wp\/v2\/users\/1"}],"replies":[{"embeddable":true,"href":"http:\/\/kmkominki.pl\/web\/wp-json\/wp\/v2\/comments?post=2019"}],"version-history":[{"count":31,"href":"http:\/\/kmkominki.pl\/web\/wp-json\/wp\/v2\/pages\/2019\/revisions"}],"predecessor-version":[{"id":4660,"href":"http:\/\/kmkominki.pl\/web\/wp-json\/wp\/v2\/pages\/2019\/revisions\/4660"}],"wp:attachment":[{"href":"http:\/\/kmkominki.pl\/web\/wp-json\/wp\/v2\/media?parent=2019"}],"curies":[{"name":"wp","href":"https:\/\/api.w.org\/{rel}","templated":true}]}}